{"id":788,"date":"2022-05-19T23:15:07","date_gmt":"2022-05-19T23:15:07","guid":{"rendered":"https:\/\/www.clinicadentalelcubano.pe\/?page_id=788"},"modified":"2022-05-25T19:15:59","modified_gmt":"2022-05-25T19:15:59","slug":"curaciones-esteticas","status":"publish","type":"page","link":"https:\/\/www.clinicadentalelcubano.pe\/index.php\/curaciones-esteticas\/","title":{"rendered":"Curaciones Est\u00e9ticas"},"content":{"rendered":"\t\t<div data-elementor-type=\"wp-page\" data-elementor-id=\"788\" class=\"elementor elementor-788\" data-elementor-settings=\"[]\">\n\t\t\t\t\t\t<div class=\"elementor-inner\">\n\t\t\t\t\t\t\t<div class=\"elementor-section-wrap\">\n\t\t\t\t\t\t\t<section class=\"elementor-section elementor-top-section elementor-element elementor-element-ffc6139 elementor-section-content-middle elementor-section-height-min-height elementor-section-boxed elementor-section-height-default elementor-section-items-middle\" data-id=\"ffc6139\" data-element_type=\"section\" data-settings=\"{&quot;background_background&quot;:&quot;classic&quot;}\">\n\t\t\t\t\t\t\t<div class=\"elementor-background-overlay\"><\/div>\n\t\t\t\t\t\t\t<div class=\"elementor-container elementor-column-gap-no\">\n\t\t\t\t\t\t\t<div class=\"elementor-row\">\n\t\t\t\t\t<div class=\"elementor-column elementor-col-100 elementor-top-column elementor-element elementor-element-00e39a9\" data-id=\"00e39a9\" data-element_type=\"column\">\n\t\t\t<div class=\"elementor-column-wrap elementor-element-populated\">\n\t\t\t\t\t\t\t<div class=\"elementor-widget-wrap\">\n\t\t\t\t\t\t<section class=\"elementor-section elementor-inner-section elementor-element elementor-element-a6bafeb elementor-section-boxed elementor-section-height-default elementor-section-height-default\" data-id=\"a6bafeb\" data-element_type=\"section\">\n\t\t\t\t\t\t<div class=\"elementor-container elementor-column-gap-default\">\n\t\t\t\t\t\t\t<div class=\"elementor-row\">\n\t\t\t\t\t<div class=\"elementor-column elementor-col-100 elementor-inner-column elementor-element elementor-element-b809883\" data-id=\"b809883\" data-element_type=\"column\">\n\t\t\t<div class=\"elementor-column-wrap elementor-element-populated\">\n\t\t\t\t\t\t\t<div class=\"elementor-widget-wrap\">\n\t\t\t\t\t\t<div class=\"elementor-element elementor-element-fc0901c elementor-widget elementor-widget-heading\" data-id=\"fc0901c\" data-element_type=\"widget\" data-widget_type=\"heading.default\">\n\t\t\t\t<div class=\"elementor-widget-container\">\n\t\t\t<h2 class=\"elementor-heading-title elementor-size-default\">Curaciones Est\u00e9ticas<\/h2>\t\t<\/div>\n\t\t\t\t<\/div>\n\t\t\t\t<div class=\"elementor-element elementor-element-feca3d7 elementor-widget elementor-widget-image\" data-id=\"feca3d7\" data-element_type=\"widget\" data-widget_type=\"image.default\">\n\t\t\t\t<div class=\"elementor-widget-container\">\n\t\t\t\t\t<div class=\"elementor-image\">\n\t\t\t\t\t\t\t\t\t\t<img loading=\"lazy\" decoding=\"async\" width=\"297\" height=\"189\" src=\"https:\/\/www.clinicadentalelcubano.pe\/wp-content\/uploads\/2022\/05\/b7fond1.png\" class=\"attachment-large size-large\" alt=\"\" \/>\t\t\t\t\t\t\t\t\t\t\t<\/div>\n\t\t\t\t<\/div>\n\t\t\t\t<\/div>\n\t\t\t\t\t\t<\/div>\n\t\t\t\t\t<\/div>\n\t\t<\/div>\n\t\t\t\t\t\t\t\t<\/div>\n\t\t\t\t\t<\/div>\n\t\t<\/section>\n\t\t\t\t\t\t<\/div>\n\t\t\t\t\t<\/div>\n\t\t<\/div>\n\t\t\t\t<div class=\"elementor-column elementor-col-100 elementor-top-column elementor-element elementor-element-bc692f7 elementor-hidden-phone\" data-id=\"bc692f7\" data-element_type=\"column\" data-settings=\"{&quot;background_background&quot;:&quot;classic&quot;}\">\n\t\t\t<div class=\"elementor-column-wrap elementor-element-populated\">\n\t\t\t\t\t\t\t<div class=\"elementor-widget-wrap\">\n\t\t\t\t\t\t<div class=\"elementor-element elementor-element-d64f4f2 elementor-widget elementor-widget-image\" data-id=\"d64f4f2\" data-element_type=\"widget\" data-widget_type=\"image.default\">\n\t\t\t\t<div class=\"elementor-widget-container\">\n\t\t\t\t\t<div class=\"elementor-image\">\n\t\t\t\t\t\t\t\t\t\t<img loading=\"lazy\" decoding=\"async\" width=\"500\" height=\"365\" src=\"https:\/\/www.clinicadentalelcubano.pe\/wp-content\/uploads\/2022\/05\/WhatsApp-Image-2022-05-19-at-2.41.33-PM.jpeg\" class=\"attachment-large size-large\" alt=\"\" srcset=\"https:\/\/www.clinicadentalelcubano.pe\/wp-content\/uploads\/2022\/05\/WhatsApp-Image-2022-05-19-at-2.41.33-PM.jpeg 500w, https:\/\/www.clinicadentalelcubano.pe\/wp-content\/uploads\/2022\/05\/WhatsApp-Image-2022-05-19-at-2.41.33-PM-300x219.jpeg 300w\" sizes=\"auto, (max-width: 500px) 100vw, 500px\" \/>\t\t\t\t\t\t\t\t\t\t\t<\/div>\n\t\t\t\t<\/div>\n\t\t\t\t<\/div>\n\t\t\t\t\t\t<\/div>\n\t\t\t\t\t<\/div>\n\t\t<\/div>\n\t\t\t\t\t\t\t\t<\/div>\n\t\t\t\t\t<\/div>\n\t\t<\/section>\n\t\t\t\t<section class=\"elementor-section elementor-top-section elementor-element elementor-element-ad182e5 elementor-section-height-min-height elementor-section-boxed elementor-section-height-default elementor-section-items-middle\" data-id=\"ad182e5\" data-element_type=\"section\" data-settings=\"{&quot;background_background&quot;:&quot;classic&quot;}\">\n\t\t\t\t\t\t\t<div class=\"elementor-background-overlay\"><\/div>\n\t\t\t\t\t\t\t<div class=\"elementor-container elementor-column-gap-no\">\n\t\t\t\t\t\t\t<div class=\"elementor-row\">\n\t\t\t\t\t<div class=\"elementor-column elementor-col-100 elementor-top-column elementor-element elementor-element-e077559\" data-id=\"e077559\" data-element_type=\"column\" data-settings=\"{&quot;background_background&quot;:&quot;gradient&quot;}\">\n\t\t\t<div class=\"elementor-column-wrap elementor-element-populated\">\n\t\t\t\t\t<div class=\"elementor-background-overlay\"><\/div>\n\t\t\t\t\t\t\t<div class=\"elementor-widget-wrap\">\n\t\t\t\t\t\t<section class=\"elementor-section elementor-inner-section elementor-element elementor-element-bf46e9e elementor-section-height-min-height elementor-section-content-middle elementor-section-boxed elementor-section-height-default\" data-id=\"bf46e9e\" data-element_type=\"section\">\n\t\t\t\t\t\t<div class=\"elementor-container elementor-column-gap-no\">\n\t\t\t\t\t\t\t<div class=\"elementor-row\">\n\t\t\t\t\t<div class=\"elementor-column elementor-col-50 elementor-inner-column elementor-element elementor-element-a607bdf animated-slow elementor-invisible\" data-id=\"a607bdf\" data-element_type=\"column\" data-settings=\"{&quot;animation&quot;:&quot;slideInRight&quot;}\">\n\t\t\t<div class=\"elementor-column-wrap elementor-element-populated\">\n\t\t\t\t\t\t\t<div class=\"elementor-widget-wrap\">\n\t\t\t\t\t\t<div class=\"elementor-element elementor-element-21a1d27 elementor-widget-divider--view-line elementor-widget elementor-widget-divider\" data-id=\"21a1d27\" data-element_type=\"widget\" data-widget_type=\"divider.default\">\n\t\t\t\t<div class=\"elementor-widget-container\">\n\t\t\t\t\t<div class=\"elementor-divider\">\n\t\t\t<span class=\"elementor-divider-separator\">\n\t\t\t\t\t\t<\/span>\n\t\t<\/div>\n\t\t\t\t<\/div>\n\t\t\t\t<\/div>\n\t\t\t\t<div class=\"elementor-element elementor-element-ff54e4f elementor-invisible elementor-widget elementor-widget-text-editor\" data-id=\"ff54e4f\" data-element_type=\"widget\" data-settings=\"{&quot;_animation&quot;:&quot;fadeIn&quot;}\" data-widget_type=\"text-editor.default\">\n\t\t\t\t<div class=\"elementor-widget-container\">\n\t\t\t\t\t<div class=\"elementor-text-editor elementor-clearfix\"><p>Este procedimiento consiste en retirar la caries del diente para impedir que la infecci\u00f3n provoque mayores complicaciones y dolor. As\u00ed, el objetivo de la curaci\u00f3n es evitar la p\u00e9rdida del diente, devolviendo la forma y funcionalidad del mismo.<\/p><p>El paciente no debe perder un diente, no si se puede salvar. El objetivo principal del dentista es\u00a0<strong>restaurar los dientes naturales<\/strong>, utilizando la tecnolog\u00eda m\u00e1s sofisticada y el material disponible. Sin embargo, en algunas situaciones no queda m\u00e1s opci\u00f3n que la extracci\u00f3n. Afortunadamente, la odontolog\u00eda presenta muchas opciones cuando se trata de\u00a0<strong>curar los dientes da\u00f1ados o reemplazarlos<\/strong>.<\/p><\/div>\n\t\t\t\t<\/div>\n\t\t\t\t<\/div>\n\t\t\t\t\t\t<\/div>\n\t\t\t\t\t<\/div>\n\t\t<\/div>\n\t\t\t\t<div class=\"elementor-column elementor-col-50 elementor-inner-column elementor-element elementor-element-fb1cf64 animated-slow elementor-invisible\" data-id=\"fb1cf64\" data-element_type=\"column\" data-settings=\"{&quot;animation&quot;:&quot;slideInLeft&quot;}\">\n\t\t\t<div class=\"elementor-column-wrap elementor-element-populated\">\n\t\t\t\t\t\t\t<div class=\"elementor-widget-wrap\">\n\t\t\t\t\t\t<div class=\"elementor-element elementor-element-bc61c17 elementor-widget elementor-widget-image\" data-id=\"bc61c17\" data-element_type=\"widget\" data-widget_type=\"image.default\">\n\t\t\t\t<div class=\"elementor-widget-container\">\n\t\t\t\t\t<div class=\"elementor-image\">\n\t\t\t\t\t\t\t\t\t\t<img loading=\"lazy\" decoding=\"async\" width=\"1200\" height=\"800\" src=\"https:\/\/www.clinicadentalelcubano.pe\/wp-content\/uploads\/2022\/05\/curaciones-esteticas2-1200x800-1.jpg\" class=\"attachment-full size-full\" alt=\"\" srcset=\"https:\/\/www.clinicadentalelcubano.pe\/wp-content\/uploads\/2022\/05\/curaciones-esteticas2-1200x800-1.jpg 1200w, https:\/\/www.clinicadentalelcubano.pe\/wp-content\/uploads\/2022\/05\/curaciones-esteticas2-1200x800-1-300x200.jpg 300w, https:\/\/www.clinicadentalelcubano.pe\/wp-content\/uploads\/2022\/05\/curaciones-esteticas2-1200x800-1-1024x683.jpg 1024w, https:\/\/www.clinicadentalelcubano.pe\/wp-content\/uploads\/2022\/05\/curaciones-esteticas2-1200x800-1-768x512.jpg 768w\" sizes=\"auto, (max-width: 1200px) 100vw, 1200px\" \/>\t\t\t\t\t\t\t\t\t\t\t<\/div>\n\t\t\t\t<\/div>\n\t\t\t\t<\/div>\n\t\t\t\t\t\t<\/div>\n\t\t\t\t\t<\/div>\n\t\t<\/div>\n\t\t\t\t\t\t\t\t<\/div>\n\t\t\t\t\t<\/div>\n\t\t<\/section>\n\t\t\t\t\t\t<\/div>\n\t\t\t\t\t<\/div>\n\t\t<\/div>\n\t\t\t\t\t\t\t\t<\/div>\n\t\t\t\t\t<\/div>\n\t\t<\/section>\n\t\t\t\t\t\t<\/div>\n\t\t\t\t\t\t<\/div>\n\t\t\t\t\t<\/div>\n\t\t","protected":false},"excerpt":{"rendered":"<p>Curaciones Est\u00e9ticas Este procedimiento consiste en retirar la caries del diente para impedir que la infecci\u00f3n provoque mayores complicaciones y dolor. As\u00ed, el objetivo de la curaci\u00f3n es evitar la p\u00e9rdida del diente, devolviendo la forma y funcionalidad del mismo. El paciente no debe perder un diente, no si se puede salvar. El objetivo principal &hellip;<\/p>\n<p class=\"read-more\"> <a class=\"\" href=\"https:\/\/www.clinicadentalelcubano.pe\/index.php\/curaciones-esteticas\/\"> <span class=\"screen-reader-text\">Curaciones Est\u00e9ticas<\/span> Leer m\u00e1s &raquo;<\/a><\/p>\n","protected":false},"author":1,"featured_media":0,"parent":0,"menu_order":0,"comment_status":"closed","ping_status":"closed","template":"","meta":{"site-sidebar-layout":"no-sidebar","site-content-layout":"page-builder","ast-global-header-display":"","ast-main-header-display":"","ast-hfb-above-header-display":"","ast-hfb-below-header-display":"","ast-hfb-mobile-header-display":"","site-post-title":"disabled","ast-breadcrumbs-content":"","ast-featured-img":"disabled","footer-sml-layout":"","theme-transparent-header-meta":"","adv-header-id-meta":"","stick-header-meta":"","header-above-stick-meta":"","header-main-stick-meta":"","header-below-stick-meta":"","footnotes":""},"class_list":["post-788","page","type-page","status-publish","hentry"],"yoast_head":"<!-- This site is optimized with the Yoast SEO plugin v18.9 - https:\/\/yoast.com\/wordpress\/plugins\/seo\/ -->\n<title>Curaciones Est\u00e9ticas - Cl\u00ednica Dental El Cubano<\/title>\n<meta name=\"robots\" content=\"index, follow, max-snippet:-1, max-image-preview:large, max-video-preview:-1\" \/>\n<link rel=\"canonical\" href=\"https:\/\/www.clinicadentalelcubano.pe\/index.php\/curaciones-esteticas\/\" \/>\n<meta property=\"og:locale\" content=\"es_ES\" \/>\n<meta property=\"og:type\" content=\"article\" \/>\n<meta property=\"og:title\" content=\"Curaciones Est\u00e9ticas - Cl\u00ednica Dental El Cubano\" \/>\n<meta property=\"og:description\" content=\"Curaciones Est\u00e9ticas Este procedimiento consiste en retirar la caries del diente para impedir que la infecci\u00f3n provoque mayores complicaciones y dolor. As\u00ed, el objetivo de la curaci\u00f3n es evitar la p\u00e9rdida del diente, devolviendo la forma y funcionalidad del mismo. El paciente no debe perder un diente, no si se puede salvar. El objetivo principal &hellip; Curaciones Est\u00e9ticas Leer m\u00e1s &raquo;\" \/>\n<meta property=\"og:url\" content=\"https:\/\/www.clinicadentalelcubano.pe\/index.php\/curaciones-esteticas\/\" \/>\n<meta property=\"og:site_name\" content=\"Cl\u00ednica Dental El Cubano\" \/>\n<meta property=\"article:modified_time\" content=\"2022-05-25T19:15:59+00:00\" \/>\n<meta property=\"og:image\" content=\"https:\/\/www.clinicadentalelcubano.pe\/wp-content\/uploads\/2022\/05\/b7fond1.png\" \/>\n<meta name=\"twitter:card\" content=\"summary_large_image\" \/>\n<meta name=\"twitter:label1\" content=\"Tiempo de lectura\" \/>\n\t<meta name=\"twitter:data1\" content=\"2 minutos\" \/>\n<script type=\"application\/ld+json\" class=\"yoast-schema-graph\">{\"@context\":\"https:\/\/schema.org\",\"@graph\":[{\"@type\":\"Organization\",\"@id\":\"https:\/\/www.clinicadentalelcubano.pe\/#organization\",\"name\":\"Cl\u00ednica Dental El Cubano\",\"url\":\"https:\/\/www.clinicadentalelcubano.pe\/\",\"sameAs\":[],\"logo\":{\"@type\":\"ImageObject\",\"inLanguage\":\"es\",\"@id\":\"https:\/\/www.clinicadentalelcubano.pe\/#\/schema\/logo\/image\/\",\"url\":\"https:\/\/www.clinicadentalelcubano.pe\/wp-content\/uploads\/2022\/05\/350x10.png\",\"contentUrl\":\"https:\/\/www.clinicadentalelcubano.pe\/wp-content\/uploads\/2022\/05\/350x10.png\",\"width\":350,\"height\":100,\"caption\":\"Cl\u00ednica Dental El Cubano\"},\"image\":{\"@id\":\"https:\/\/www.clinicadentalelcubano.pe\/#\/schema\/logo\/image\/\"}},{\"@type\":\"WebSite\",\"@id\":\"https:\/\/www.clinicadentalelcubano.pe\/#website\",\"url\":\"https:\/\/www.clinicadentalelcubano.pe\/\",\"name\":\"Cl\u00ednica Dental El Cubano\",\"description\":\"\",\"publisher\":{\"@id\":\"https:\/\/www.clinicadentalelcubano.pe\/#organization\"},\"potentialAction\":[{\"@type\":\"SearchAction\",\"target\":{\"@type\":\"EntryPoint\",\"urlTemplate\":\"https:\/\/www.clinicadentalelcubano.pe\/?s={search_term_string}\"},\"query-input\":\"required name=search_term_string\"}],\"inLanguage\":\"es\"},{\"@type\":\"ImageObject\",\"inLanguage\":\"es\",\"@id\":\"https:\/\/www.clinicadentalelcubano.pe\/index.php\/curaciones-esteticas\/#primaryimage\",\"url\":\"https:\/\/www.clinicadentalelcubano.pe\/wp-content\/uploads\/2022\/05\/b7fond1.png\",\"contentUrl\":\"https:\/\/www.clinicadentalelcubano.pe\/wp-content\/uploads\/2022\/05\/b7fond1.png\",\"width\":297,\"height\":189},{\"@type\":\"WebPage\",\"@id\":\"https:\/\/www.clinicadentalelcubano.pe\/index.php\/curaciones-esteticas\/#webpage\",\"url\":\"https:\/\/www.clinicadentalelcubano.pe\/index.php\/curaciones-esteticas\/\",\"name\":\"Curaciones Est\u00e9ticas - Cl\u00ednica Dental El Cubano\",\"isPartOf\":{\"@id\":\"https:\/\/www.clinicadentalelcubano.pe\/#website\"},\"primaryImageOfPage\":{\"@id\":\"https:\/\/www.clinicadentalelcubano.pe\/index.php\/curaciones-esteticas\/#primaryimage\"},\"datePublished\":\"2022-05-19T23:15:07+00:00\",\"dateModified\":\"2022-05-25T19:15:59+00:00\",\"breadcrumb\":{\"@id\":\"https:\/\/www.clinicadentalelcubano.pe\/index.php\/curaciones-esteticas\/#breadcrumb\"},\"inLanguage\":\"es\",\"potentialAction\":[{\"@type\":\"ReadAction\",\"target\":[\"https:\/\/www.clinicadentalelcubano.pe\/index.php\/curaciones-esteticas\/\"]}]},{\"@type\":\"BreadcrumbList\",\"@id\":\"https:\/\/www.clinicadentalelcubano.pe\/index.php\/curaciones-esteticas\/#breadcrumb\",\"itemListElement\":[{\"@type\":\"ListItem\",\"position\":1,\"name\":\"Portada\",\"item\":\"https:\/\/www.clinicadentalelcubano.pe\/\"},{\"@type\":\"ListItem\",\"position\":2,\"name\":\"Curaciones Est\u00e9ticas\"}]}]}<\/script>\n<!-- \/ Yoast SEO plugin. -->","yoast_head_json":{"title":"Curaciones Est\u00e9ticas - Cl\u00ednica Dental El Cubano","robots":{"index":"index","follow":"follow","max-snippet":"max-snippet:-1","max-image-preview":"max-image-preview:large","max-video-preview":"max-video-preview:-1"},"canonical":"https:\/\/www.clinicadentalelcubano.pe\/index.php\/curaciones-esteticas\/","og_locale":"es_ES","og_type":"article","og_title":"Curaciones Est\u00e9ticas - Cl\u00ednica Dental El Cubano","og_description":"Curaciones Est\u00e9ticas Este procedimiento consiste en retirar la caries del diente para impedir que la infecci\u00f3n provoque mayores complicaciones y dolor. As\u00ed, el objetivo de la curaci\u00f3n es evitar la p\u00e9rdida del diente, devolviendo la forma y funcionalidad del mismo. El paciente no debe perder un diente, no si se puede salvar. El objetivo principal &hellip; Curaciones Est\u00e9ticas Leer m\u00e1s &raquo;","og_url":"https:\/\/www.clinicadentalelcubano.pe\/index.php\/curaciones-esteticas\/","og_site_name":"Cl\u00ednica Dental El Cubano","article_modified_time":"2022-05-25T19:15:59+00:00","og_image":[{"url":"https:\/\/www.clinicadentalelcubano.pe\/wp-content\/uploads\/2022\/05\/b7fond1.png"}],"twitter_card":"summary_large_image","twitter_misc":{"Tiempo de lectura":"2 minutos"},"schema":{"@context":"https:\/\/schema.org","@graph":[{"@type":"Organization","@id":"https:\/\/www.clinicadentalelcubano.pe\/#organization","name":"Cl\u00ednica Dental El Cubano","url":"https:\/\/www.clinicadentalelcubano.pe\/","sameAs":[],"logo":{"@type":"ImageObject","inLanguage":"es","@id":"https:\/\/www.clinicadentalelcubano.pe\/#\/schema\/logo\/image\/","url":"https:\/\/www.clinicadentalelcubano.pe\/wp-content\/uploads\/2022\/05\/350x10.png","contentUrl":"https:\/\/www.clinicadentalelcubano.pe\/wp-content\/uploads\/2022\/05\/350x10.png","width":350,"height":100,"caption":"Cl\u00ednica Dental El Cubano"},"image":{"@id":"https:\/\/www.clinicadentalelcubano.pe\/#\/schema\/logo\/image\/"}},{"@type":"WebSite","@id":"https:\/\/www.clinicadentalelcubano.pe\/#website","url":"https:\/\/www.clinicadentalelcubano.pe\/","name":"Cl\u00ednica Dental El Cubano","description":"","publisher":{"@id":"https:\/\/www.clinicadentalelcubano.pe\/#organization"},"potentialAction":[{"@type":"SearchAction","target":{"@type":"EntryPoint","urlTemplate":"https:\/\/www.clinicadentalelcubano.pe\/?s={search_term_string}"},"query-input":"required name=search_term_string"}],"inLanguage":"es"},{"@type":"ImageObject","inLanguage":"es","@id":"https:\/\/www.clinicadentalelcubano.pe\/index.php\/curaciones-esteticas\/#primaryimage","url":"https:\/\/www.clinicadentalelcubano.pe\/wp-content\/uploads\/2022\/05\/b7fond1.png","contentUrl":"https:\/\/www.clinicadentalelcubano.pe\/wp-content\/uploads\/2022\/05\/b7fond1.png","width":297,"height":189},{"@type":"WebPage","@id":"https:\/\/www.clinicadentalelcubano.pe\/index.php\/curaciones-esteticas\/#webpage","url":"https:\/\/www.clinicadentalelcubano.pe\/index.php\/curaciones-esteticas\/","name":"Curaciones Est\u00e9ticas - Cl\u00ednica Dental El Cubano","isPartOf":{"@id":"https:\/\/www.clinicadentalelcubano.pe\/#website"},"primaryImageOfPage":{"@id":"https:\/\/www.clinicadentalelcubano.pe\/index.php\/curaciones-esteticas\/#primaryimage"},"datePublished":"2022-05-19T23:15:07+00:00","dateModified":"2022-05-25T19:15:59+00:00","breadcrumb":{"@id":"https:\/\/www.clinicadentalelcubano.pe\/index.php\/curaciones-esteticas\/#breadcrumb"},"inLanguage":"es","potentialAction":[{"@type":"ReadAction","target":["https:\/\/www.clinicadentalelcubano.pe\/index.php\/curaciones-esteticas\/"]}]},{"@type":"BreadcrumbList","@id":"https:\/\/www.clinicadentalelcubano.pe\/index.php\/curaciones-esteticas\/#breadcrumb","itemListElement":[{"@type":"ListItem","position":1,"name":"Portada","item":"https:\/\/www.clinicadentalelcubano.pe\/"},{"@type":"ListItem","position":2,"name":"Curaciones Est\u00e9ticas"}]}]}},"_links":{"self":[{"href":"https:\/\/www.clinicadentalelcubano.pe\/index.php\/wp-json\/wp\/v2\/pages\/788","targetHints":{"allow":["GET"]}}],"collection":[{"href":"https:\/\/www.clinicadentalelcubano.pe\/index.php\/wp-json\/wp\/v2\/pages"}],"about":[{"href":"https:\/\/www.clinicadentalelcubano.pe\/index.php\/wp-json\/wp\/v2\/types\/page"}],"author":[{"embeddable":true,"href":"https:\/\/www.clinicadentalelcubano.pe\/index.php\/wp-json\/wp\/v2\/users\/1"}],"replies":[{"embeddable":true,"href":"https:\/\/www.clinicadentalelcubano.pe\/index.php\/wp-json\/wp\/v2\/comments?post=788"}],"version-history":[{"count":25,"href":"https:\/\/www.clinicadentalelcubano.pe\/index.php\/wp-json\/wp\/v2\/pages\/788\/revisions"}],"predecessor-version":[{"id":1288,"href":"https:\/\/www.clinicadentalelcubano.pe\/index.php\/wp-json\/wp\/v2\/pages\/788\/revisions\/1288"}],"wp:attachment":[{"href":"https:\/\/www.clinicadentalelcubano.pe\/index.php\/wp-json\/wp\/v2\/media?parent=788"}],"curies":[{"name":"wp","href":"https:\/\/api.w.org\/{rel}","templated":true}]}}